{"id":1112,"date":"2024-02-14T11:07:06","date_gmt":"2024-02-14T11:07:06","guid":{"rendered":"https:\/\/modulina.eu\/?page_id=1112"},"modified":"2025-09-01T09:50:05","modified_gmt":"2025-09-01T09:50:05","slug":"espaces-sains","status":"publish","type":"page","link":"https:\/\/modulina.eu\/fr\/espaces-sains\/","title":{"rendered":"ESPACES SAINS"},"content":{"rendered":"\t\t<div data-elementor-type=\"wp-page\" data-elementor-id=\"1112\" class=\"elementor elementor-1112\" data-elementor-post-type=\"page\">\n\t\t\t\t<div class=\"elementor-element elementor-element-abbcacf e-flex e-con-boxed e-con e-parent\" data-id=\"abbcacf\" data-element_type=\"container\" data-settings=\"{&quot;background_background&quot;:&quot;classic&quot;}\">\n\t\t\t\t\t<div class=\"e-con-inner\">\n\t\t\t\t<div class=\"elementor-element elementor-element-6b2e727 elementor-widget__width-initial elementor-widget elementor-widget-heading\" data-id=\"6b2e727\" data-element_type=\"widget\" data-widget_type=\"heading.default\">\n\t\t\t\t<div class=\"elementor-widget-container\">\n\t\t\t\t\t<h2 class=\"elementor-heading-title elementor-size-default\">Espaces sains<\/h2>\t\t\t\t<\/div>\n\t\t\t\t<\/div>\n\t\t\t\t<div class=\"elementor-element elementor-element-0caa853 elementor-widget__width-initial elementor-widget elementor-widget-text-editor\" data-id=\"0caa853\" data-element_type=\"widget\" data-widget_type=\"text-editor.default\">\n\t\t\t\t<div class=\"elementor-widget-container\">\n\t\t\t\t\t\t\t\t\t<p>Modulina Straw Panels a d\u00e9j\u00e0 r\u00e9alis\u00e9 plus de 40 projets qui peuvent \u00eatre consid\u00e9r\u00e9s comme des espaces sains pour les habitants des maisons construites avec des panneaux de paille.<\/p>\t\t\t\t\t\t\t\t<\/div>\n\t\t\t\t<\/div>\n\t\t\t\t\t<\/div>\n\t\t\t\t<\/div>\n\t\t<div class=\"elementor-element elementor-element-46b3cdf e-flex e-con-boxed e-con e-parent\" data-id=\"46b3cdf\" data-element_type=\"container\">\n\t\t\t\t\t<div class=\"e-con-inner\">\n\t\t\t\t<div class=\"elementor-element elementor-element-56f72d6 elementor-widget elementor-widget-heading\" data-id=\"56f72d6\" data-element_type=\"widget\" data-widget_type=\"heading.default\">\n\t\t\t\t<div class=\"elementor-widget-container\">\n\t\t\t\t\t<h2 class=\"elementor-heading-title elementor-size-default\">Projets r\u00e9alis\u00e9s<\/h2>\t\t\t\t<\/div>\n\t\t\t\t<\/div>\n\t\t\t\t<div class=\"elementor-element elementor-element-0721635 elementor-pagination-type-bullets elementor-arrows-position-inside elementor-pagination-position-outside elementor-widget elementor-widget-loop-carousel\" data-id=\"0721635\" data-element_type=\"widget\" data-settings=\"{&quot;template_id&quot;:&quot;1268&quot;,&quot;image_spacing_custom&quot;:{&quot;unit&quot;:&quot;px&quot;,&quot;size&quot;:0,&quot;sizes&quot;:[]},&quot;_skin&quot;:&quot;post&quot;,&quot;slides_to_show&quot;:&quot;3&quot;,&quot;slides_to_show_tablet&quot;:&quot;2&quot;,&quot;slides_to_show_mobile&quot;:&quot;1&quot;,&quot;edit_handle_selector&quot;:&quot;.elementor-loop-container&quot;,&quot;speed&quot;:500,&quot;arrows&quot;:&quot;yes&quot;,&quot;pagination&quot;:&quot;bullets&quot;,&quot;image_spacing_custom_tablet&quot;:{&quot;unit&quot;:&quot;px&quot;,&quot;size&quot;:&quot;&quot;,&quot;sizes&quot;:[]},&quot;image_spacing_custom_mobile&quot;:{&quot;unit&quot;:&quot;px&quot;,&quot;size&quot;:&quot;&quot;,&quot;sizes&quot;:[]}}\" data-widget_type=\"loop-carousel.post\">\n\t\t\t\t<div class=\"elementor-widget-container\">\n\t\t\t\t\t\t\t<div class=\"swiper elementor-loop-container elementor-grid\" role=\"list\" dir=\"ltr\">\n\t\t\t\t<div class=\"swiper-wrapper\" aria-live=\"polite\">\n\t\t<style id=\"loop-1268\">.elementor-1268 .elementor-element.elementor-element-3fafdd8{--display:flex;--padding-top:0px;--padding-bottom:0px;--padding-left:0px;--padding-right:0px;}.elementor-widget-theme-post-featured-image .widget-image-caption{color:var( --e-global-color-text );font-family:var( --e-global-typography-text-font-family ), Sans-serif;font-size:var( --e-global-typography-text-font-size );font-weight:var( --e-global-typography-text-font-weight );line-height:var( --e-global-typography-text-line-height );}.elementor-1268 .elementor-element.elementor-element-7b515ea img{width:87%;max-width:100%;height:452px;object-fit:contain;object-position:center center;}.elementor-1268 .elementor-element.elementor-element-1c485f9{--display:flex;}.elementor-widget-theme-post-title .elementor-heading-title{font-family:var( --e-global-typography-primary-font-family ), Sans-serif;font-weight:var( --e-global-typography-primary-font-weight );color:var( --e-global-color-primary );}@media(max-width:1024px){.elementor-widget-theme-post-featured-image .widget-image-caption{font-size:var( --e-global-typography-text-font-size );line-height:var( --e-global-typography-text-line-height );}}@media(max-width:767px){.elementor-widget-theme-post-featured-image .widget-image-caption{font-size:var( --e-global-typography-text-font-size );line-height:var( --e-global-typography-text-line-height );}}<\/style>\t\t<div data-elementor-type=\"loop-item\" data-elementor-id=\"1268\" class=\"elementor elementor-1268 swiper-slide e-loop-item e-loop-item-1279 post-1279 realised-project type-realised-project status-publish has-post-thumbnail hentry\" data-elementor-post-type=\"elementor_library\" role=\"group\" aria-roledescription=\"slide\" data-custom-edit-handle=\"1\">\n\t\t\t<div class=\"elementor-element elementor-element-3fafdd8 e-flex e-con-boxed e-con e-parent\" data-id=\"3fafdd8\" data-element_type=\"container\">\n\t\t\t\t\t<div class=\"e-con-inner\">\n\t\t\t\t<div class=\"elementor-element elementor-element-7b515ea elementor-widget elementor-widget-theme-post-featured-image elementor-widget-image\" data-id=\"7b515ea\" data-element_type=\"widget\" data-widget_type=\"theme-post-featured-image.default\">\n\t\t\t\t<div class=\"elementor-widget-container\">\n\t\t\t\t\t\t\t\t\t\t\t\t\t\t\t\t<a href=\"https:\/\/modulina.eu\/fr\/blog\/realised-project\/nest-house-roskilde-circular-lab-denmark\/\">\n\t\t\t\t\t\t\t<img fetchpriority=\"high\" decoding=\"async\" width=\"1622\" height=\"1792\" src=\"https:\/\/modulina.eu\/fr\/wp-content\/uploads\/sites\/6\/2024\/08\/Screenshot-2024-08-22-at-13.45.30.png\" class=\"attachment-full size-full wp-image-4695\" alt=\"\" srcset=\"https:\/\/modulina.eu\/fr\/wp-content\/uploads\/sites\/6\/2024\/08\/Screenshot-2024-08-22-at-13.45.30.png 1622w, https:\/\/modulina.eu\/fr\/wp-content\/uploads\/sites\/6\/2024\/08\/Screenshot-2024-08-22-at-13.45.30-272x300.png 272w, https:\/\/modulina.eu\/fr\/wp-content\/uploads\/sites\/6\/2024\/08\/Screenshot-2024-08-22-at-13.45.30-927x1024.png 927w, https:\/\/modulina.eu\/fr\/wp-content\/uploads\/sites\/6\/2024\/08\/Screenshot-2024-08-22-at-13.45.30-768x848.png 768w, https:\/\/modulina.eu\/fr\/wp-content\/uploads\/sites\/6\/2024\/08\/Screenshot-2024-08-22-at-13.45.30-1390x1536.png 1390w\" sizes=\"(max-width: 1622px) 100vw, 1622px\" \/>\t\t\t\t\t\t\t\t<\/a>\n\t\t\t\t\t\t\t\t\t\t\t\t\t\t\t<\/div>\n\t\t\t\t<\/div>\n\t\t\t\t\t<\/div>\n\t\t\t\t<\/div>\n\t\t<div class=\"elementor-element elementor-element-1c485f9 e-flex e-con-boxed e-con e-parent\" data-id=\"1c485f9\" data-element_type=\"container\">\n\t\t\t\t\t<div class=\"e-con-inner\">\n\t\t\t\t<div class=\"elementor-element elementor-element-0ecfa47 elementor-widget elementor-widget-theme-post-title elementor-page-title elementor-widget-heading\" data-id=\"0ecfa47\" data-element_type=\"widget\" data-widget_type=\"theme-post-title.default\">\n\t\t\t\t<div class=\"elementor-widget-container\">\n\t\t\t\t\t<h6 class=\"elementor-heading-title elementor-size-default\">Maison Nest, Danemark<\/h6>\t\t\t\t<\/div>\n\t\t\t\t<\/div>\n\t\t\t\t\t<\/div>\n\t\t\t\t<\/div>\n\t\t\t\t<\/div>\n\t\t\t\t<div data-elementor-type=\"loop-item\" data-elementor-id=\"1268\" class=\"elementor elementor-1268 swiper-slide e-loop-item e-loop-item-1278 post-1278 realised-project type-realised-project status-publish has-post-thumbnail hentry\" data-elementor-post-type=\"elementor_library\" role=\"group\" aria-roledescription=\"slide\" data-custom-edit-handle=\"1\">\n\t\t\t<div class=\"elementor-element elementor-element-3fafdd8 e-flex e-con-boxed e-con e-parent\" data-id=\"3fafdd8\" data-element_type=\"container\">\n\t\t\t\t\t<div class=\"e-con-inner\">\n\t\t\t\t<div class=\"elementor-element elementor-element-7b515ea elementor-widget elementor-widget-theme-post-featured-image elementor-widget-image\" data-id=\"7b515ea\" data-element_type=\"widget\" data-widget_type=\"theme-post-featured-image.default\">\n\t\t\t\t<div class=\"elementor-widget-container\">\n\t\t\t\t\t\t\t\t\t\t\t\t\t\t\t\t<a href=\"https:\/\/modulina.eu\/fr\/blog\/realised-project\/active-house-award-winning-single-family-house-in-birstonas-lithuania\/\">\n\t\t\t\t\t\t\t<img decoding=\"async\" width=\"1179\" height=\"781\" src=\"https:\/\/modulina.eu\/fr\/wp-content\/uploads\/sites\/6\/2024\/05\/1712833936627.jpeg\" class=\"attachment-full size-full wp-image-4063\" alt=\"\" srcset=\"https:\/\/modulina.eu\/fr\/wp-content\/uploads\/sites\/6\/2024\/05\/1712833936627.jpeg 1179w, https:\/\/modulina.eu\/fr\/wp-content\/uploads\/sites\/6\/2024\/05\/1712833936627-300x199.jpeg 300w, https:\/\/modulina.eu\/fr\/wp-content\/uploads\/sites\/6\/2024\/05\/1712833936627-1024x678.jpeg 1024w, https:\/\/modulina.eu\/fr\/wp-content\/uploads\/sites\/6\/2024\/05\/1712833936627-768x509.jpeg 768w\" sizes=\"(max-width: 1179px) 100vw, 1179px\" \/>\t\t\t\t\t\t\t\t<\/a>\n\t\t\t\t\t\t\t\t\t\t\t\t\t\t\t<\/div>\n\t\t\t\t<\/div>\n\t\t\t\t\t<\/div>\n\t\t\t\t<\/div>\n\t\t<div class=\"elementor-element elementor-element-1c485f9 e-flex e-con-boxed e-con e-parent\" data-id=\"1c485f9\" data-element_type=\"container\">\n\t\t\t\t\t<div class=\"e-con-inner\">\n\t\t\t\t<div class=\"elementor-element elementor-element-0ecfa47 elementor-widget elementor-widget-theme-post-title elementor-page-title elementor-widget-heading\" data-id=\"0ecfa47\" data-element_type=\"widget\" data-widget_type=\"theme-post-title.default\">\n\t\t\t\t<div class=\"elementor-widget-container\">\n\t\t\t\t\t<h6 class=\"elementor-heading-title elementor-size-default\">Maison individuelle prim\u00e9e par l&rsquo;Active House Award \u00e0 Bir\u0161tonas, Lituanie.<\/h6>\t\t\t\t<\/div>\n\t\t\t\t<\/div>\n\t\t\t\t\t<\/div>\n\t\t\t\t<\/div>\n\t\t\t\t<\/div>\n\t\t\t\t<div data-elementor-type=\"loop-item\" data-elementor-id=\"1268\" class=\"elementor elementor-1268 swiper-slide e-loop-item e-loop-item-1275 post-1275 realised-project type-realised-project status-publish has-post-thumbnail hentry\" data-elementor-post-type=\"elementor_library\" role=\"group\" aria-roledescription=\"slide\" data-custom-edit-handle=\"1\">\n\t\t\t<div class=\"elementor-element elementor-element-3fafdd8 e-flex e-con-boxed e-con e-parent\" data-id=\"3fafdd8\" data-element_type=\"container\">\n\t\t\t\t\t<div class=\"e-con-inner\">\n\t\t\t\t<div class=\"elementor-element elementor-element-7b515ea elementor-widget elementor-widget-theme-post-featured-image elementor-widget-image\" data-id=\"7b515ea\" data-element_type=\"widget\" data-widget_type=\"theme-post-featured-image.default\">\n\t\t\t\t<div class=\"elementor-widget-container\">\n\t\t\t\t\t\t\t\t\t\t\t\t\t\t\t\t<a href=\"https:\/\/modulina.eu\/fr\/blog\/realised-project\/melkis-school-the-spaces-of-the-sun-lithuania\/\">\n\t\t\t\t\t\t\t<img decoding=\"async\" width=\"1870\" height=\"1240\" src=\"https:\/\/modulina.eu\/fr\/wp-content\/uploads\/sites\/6\/2024\/02\/School-in-Lithuania.png\" class=\"attachment-full size-full wp-image-4229\" alt=\"\" srcset=\"https:\/\/modulina.eu\/fr\/wp-content\/uploads\/sites\/6\/2024\/02\/School-in-Lithuania.png 1870w, https:\/\/modulina.eu\/fr\/wp-content\/uploads\/sites\/6\/2024\/02\/School-in-Lithuania-300x199.png 300w, https:\/\/modulina.eu\/fr\/wp-content\/uploads\/sites\/6\/2024\/02\/School-in-Lithuania-1024x679.png 1024w, https:\/\/modulina.eu\/fr\/wp-content\/uploads\/sites\/6\/2024\/02\/School-in-Lithuania-768x509.png 768w, https:\/\/modulina.eu\/fr\/wp-content\/uploads\/sites\/6\/2024\/02\/School-in-Lithuania-1536x1019.png 1536w\" sizes=\"(max-width: 1870px) 100vw, 1870px\" \/>\t\t\t\t\t\t\t\t<\/a>\n\t\t\t\t\t\t\t\t\t\t\t\t\t\t\t<\/div>\n\t\t\t\t<\/div>\n\t\t\t\t\t<\/div>\n\t\t\t\t<\/div>\n\t\t<div class=\"elementor-element elementor-element-1c485f9 e-flex e-con-boxed e-con e-parent\" data-id=\"1c485f9\" data-element_type=\"container\">\n\t\t\t\t\t<div class=\"e-con-inner\">\n\t\t\t\t<div class=\"elementor-element elementor-element-0ecfa47 elementor-widget elementor-widget-theme-post-title elementor-page-title elementor-widget-heading\" data-id=\"0ecfa47\" data-element_type=\"widget\" data-widget_type=\"theme-post-title.default\">\n\t\t\t\t<div class=\"elementor-widget-container\">\n\t\t\t\t\t<h6 class=\"elementor-heading-title elementor-size-default\">Projet \u00ab\u00a0Les espaces du Soleil\u00a0\u00bb \/ \u00c9cole Melkis en Lituanie<\/h6>\t\t\t\t<\/div>\n\t\t\t\t<\/div>\n\t\t\t\t\t<\/div>\n\t\t\t\t<\/div>\n\t\t\t\t<\/div>\n\t\t\t\t<\/div>\n\t\t<\/div>\n\t\t\t\t\t<div class=\"elementor-swiper-button elementor-swiper-button-prev\" role=\"button\" tabindex=\"0\" aria-label=\"Previous\">\n\t\t\t\t<svg aria-hidden=\"true\" class=\"e-font-icon-svg e-fas-arrow-alt-circle-left\" viewBox=\"0 0 512 512\" xmlns=\"http:\/\/www.w3.org\/2000\/svg\"><path d=\"M256 504C119 504 8 393 8 256S119 8 256 8s248 111 248 248-111 248-248 248zm116-292H256v-70.9c0-10.7-13-16.1-20.5-8.5L121.2 247.5c-4.7 4.7-4.7 12.2 0 16.9l114.3 114.9c7.6 7.6 20.5 2.2 20.5-8.5V300h116c6.6 0 12-5.4 12-12v-64c0-6.6-5.4-12-12-12z\"><\/path><\/svg>\t\t\t<\/div>\n\t\t\t<div class=\"elementor-swiper-button elementor-swiper-button-next\" role=\"button\" tabindex=\"0\" aria-label=\"Next\">\n\t\t\t\t<svg aria-hidden=\"true\" class=\"e-font-icon-svg e-fas-arrow-alt-circle-right\" viewBox=\"0 0 512 512\" xmlns=\"http:\/\/www.w3.org\/2000\/svg\"><path d=\"M256 8c137 0 248 111 248 248S393 504 256 504 8 393 8 256 119 8 256 8zM140 300h116v70.9c0 10.7 13 16.1 20.5 8.5l114.3-114.9c4.7-4.7 4.7-12.2 0-16.9l-114.3-115c-7.6-7.6-20.5-2.2-20.5 8.5V212H140c-6.6 0-12 5.4-12 12v64c0 6.6 5.4 12 12 12z\"><\/path><\/svg>\t\t\t<\/div>\n\t\t\t\t\t<div class=\"swiper-pagination\"><\/div>\n\t\t\t\t\t\t<\/div>\n\t\t\t\t<\/div>\n\t\t\t\t\t<\/div>\n\t\t\t\t<\/div>\n\t\t<div class=\"elementor-element elementor-element-237363f e-con-full e-flex e-con e-parent\" data-id=\"237363f\" data-element_type=\"container\" data-settings=\"{&quot;background_background&quot;:&quot;classic&quot;}\">\n\t\t<div class=\"elementor-element elementor-element-9ffebdb e-con-full e-flex e-con e-child\" data-id=\"9ffebdb\" data-element_type=\"container\">\n\t\t\t\t<\/div>\n\t\t<div class=\"elementor-element elementor-element-5f8571c e-con-full e-flex e-con e-child\" data-id=\"5f8571c\" data-element_type=\"container\">\n\t\t\t\t<div class=\"elementor-element elementor-element-a2080cc elementor-widget__width-initial elementor-widget elementor-widget-heading\" data-id=\"a2080cc\" data-element_type=\"widget\" data-widget_type=\"heading.default\">\n\t\t\t\t<div class=\"elementor-widget-container\">\n\t\t\t\t\t<h2 class=\"elementor-heading-title elementor-size-default\">Avez-vous des questions?<\/h2>\t\t\t\t<\/div>\n\t\t\t\t<\/div>\n\t\t\t\t<div class=\"elementor-element elementor-element-e388683 elementor-widget__width-initial elementor-widget elementor-widget-text-editor\" data-id=\"e388683\" data-element_type=\"widget\" data-widget_type=\"text-editor.default\">\n\t\t\t\t<div class=\"elementor-widget-container\">\n\t\t\t\t\t\t\t\t\t<p>Si vous souhaitez en savoir plus sur les projets dans lesquels nous avons fourni nos panneaux ou si vous envisagez d\u2019int\u00e9grer nos panneaux de paille dans votre projet, contactez-nous afin que votre nouveau b\u00e2timent devienne un espace sain pour ses occupants.<\/p>\t\t\t\t\t\t\t\t<\/div>\n\t\t\t\t<\/div>\n\t\t\t\t<div class=\"elementor-element elementor-element-61e3424 elementor-widget elementor-widget-button\" data-id=\"61e3424\" data-element_type=\"widget\" data-widget_type=\"button.default\">\n\t\t\t\t<div class=\"elementor-widget-container\">\n\t\t\t\t\t\t\t\t\t<div class=\"elementor-button-wrapper\">\n\t\t\t\t\t<a class=\"elementor-button elementor-button-link elementor-size-sm\" href=\"https:\/\/modulina.eu\/fr\/contactez-nous\/\">\n\t\t\t\t\t\t<span class=\"elementor-button-content-wrapper\">\n\t\t\t\t\t\t\t\t\t<span class=\"elementor-button-text\">Contactez-nous<\/span>\n\t\t\t\t\t<\/span>\n\t\t\t\t\t<\/a>\n\t\t\t\t<\/div>\n\t\t\t\t\t\t\t\t<\/div>\n\t\t\t\t<\/div>\n\t\t\t\t<\/div>\n\t\t\t\t<\/div>\n\t\t<div class=\"elementor-element elementor-element-f30e88d elementor-hidden-desktop elementor-hidden-tablet elementor-hidden-mobile e-flex e-con-boxed e-con e-parent\" data-id=\"f30e88d\" data-element_type=\"container\">\n\t\t\t\t\t<div class=\"e-con-inner\">\n\t\t\t\t<div class=\"elementor-element elementor-element-521dfb8 elementor-widget elementor-widget-heading\" data-id=\"521dfb8\" data-element_type=\"widget\" data-widget_type=\"heading.default\">\n\t\t\t\t<div class=\"elementor-widget-container\">\n\t\t\t\t\t<h2 class=\"elementor-heading-title elementor-size-default\">What our clients says<\/h2>\t\t\t\t<\/div>\n\t\t\t\t<\/div>\n\t\t\t\t<div class=\"elementor-element elementor-element-0ce69e8 elementor-pagination-type-bullets elementor-pagination-position-outside elementor-widget elementor-widget-loop-carousel\" data-id=\"0ce69e8\" data-element_type=\"widget\" data-settings=\"{&quot;template_id&quot;:1158,&quot;image_spacing_custom&quot;:{&quot;unit&quot;:&quot;px&quot;,&quot;size&quot;:20,&quot;sizes&quot;:[]},&quot;_skin&quot;:&quot;post&quot;,&quot;slides_to_show&quot;:&quot;3&quot;,&quot;slides_to_show_tablet&quot;:&quot;2&quot;,&quot;slides_to_show_mobile&quot;:&quot;1&quot;,&quot;slides_to_scroll&quot;:&quot;1&quot;,&quot;edit_handle_selector&quot;:&quot;.elementor-loop-container&quot;,&quot;autoplay&quot;:&quot;yes&quot;,&quot;autoplay_speed&quot;:5000,&quot;pause_on_hover&quot;:&quot;yes&quot;,&quot;pause_on_interaction&quot;:&quot;yes&quot;,&quot;infinite&quot;:&quot;yes&quot;,&quot;speed&quot;:500,&quot;offset_sides&quot;:&quot;none&quot;,&quot;pagination&quot;:&quot;bullets&quot;,&quot;image_spacing_custom_tablet&quot;:{&quot;unit&quot;:&quot;px&quot;,&quot;size&quot;:&quot;&quot;,&quot;sizes&quot;:[]},&quot;image_spacing_custom_mobile&quot;:{&quot;unit&quot;:&quot;px&quot;,&quot;size&quot;:&quot;&quot;,&quot;sizes&quot;:[]}}\" data-widget_type=\"loop-carousel.post\">\n\t\t\t\t<div class=\"elementor-widget-container\">\n\t\t\t\t\t\t\t<div class=\"e-loop-nothing-found-message\">\n\t\t<\/div>\n\t\t\t\t\t\t<\/div>\n\t\t\t\t<\/div>\n\t\t\t\t\t<\/div>\n\t\t\t\t<\/div>\n\t\t<div class=\"elementor-element elementor-element-7fa095a e-flex e-con-boxed e-con e-parent\" data-id=\"7fa095a\" data-element_type=\"container\">\n\t\t\t\t\t<div class=\"e-con-inner\">\n\t\t\t\t<div class=\"elementor-element elementor-element-7f341a1 elementor-widget elementor-widget-heading\" data-id=\"7f341a1\" data-element_type=\"widget\" data-widget_type=\"heading.default\">\n\t\t\t\t<div class=\"elementor-widget-container\">\n\t\t\t\t\t<h2 class=\"elementor-heading-title elementor-size-default\"><a href=\"https:\/\/modulina.eu\/blog\/\">Lisez-en plus sur notre blog:<\/a><\/h2>\t\t\t\t<\/div>\n\t\t\t\t<\/div>\n\t\t\t\t\t<\/div>\n\t\t\t\t<\/div>\n\t\t\t\t<\/div>\n\t\t","protected":false},"excerpt":{"rendered":"<p>Espaces sains Modulina Straw Panels a d\u00e9j\u00e0 r\u00e9alis\u00e9 plus de 40 projets qui peuvent \u00eatre consid\u00e9r\u00e9s comme des espaces sains pour les habitants des maisons construites avec des panneaux de paille. Projets r\u00e9alis\u00e9s Avez-vous des questions? Si vous souhaitez en savoir plus sur les projets dans lesquels nous avons fourni nos panneaux ou si vous [&hellip;]<\/p>\n","protected":false},"author":2,"featured_media":1116,"parent":0,"menu_order":0,"comment_status":"closed","ping_status":"open","template":"elementor_header_footer","meta":{"_acf_changed":false,"footnotes":""},"class_list":["post-1112","page","type-page","status-publish","has-post-thumbnail","hentry"],"acf":[],"_links":{"self":[{"href":"https:\/\/modulina.eu\/fr\/wp-json\/wp\/v2\/pages\/1112","targetHints":{"allow":["GET"]}}],"collection":[{"href":"https:\/\/modulina.eu\/fr\/wp-json\/wp\/v2\/pages"}],"about":[{"href":"https:\/\/modulina.eu\/fr\/wp-json\/wp\/v2\/types\/page"}],"author":[{"embeddable":true,"href":"https:\/\/modulina.eu\/fr\/wp-json\/wp\/v2\/users\/2"}],"replies":[{"embeddable":true,"href":"https:\/\/modulina.eu\/fr\/wp-json\/wp\/v2\/comments?post=1112"}],"version-history":[{"count":0,"href":"https:\/\/modulina.eu\/fr\/wp-json\/wp\/v2\/pages\/1112\/revisions"}],"wp:featuredmedia":[{"embeddable":true,"href":"https:\/\/modulina.eu\/fr\/wp-json\/wp\/v2\/media\/1116"}],"wp:attachment":[{"href":"https:\/\/modulina.eu\/fr\/wp-json\/wp\/v2\/media?parent=1112"}],"curies":[{"name":"wp","href":"https:\/\/api.w.org\/{rel}","templated":true}]}}